{"id":44,"date":"2026-03-27T08:50:18","date_gmt":"2026-03-27T08:50:18","guid":{"rendered":"https:\/\/lababertobootcamp.pt\/?page_id=44"},"modified":"2026-04-08T18:36:07","modified_gmt":"2026-04-08T18:36:07","slug":"encontro-nacional-fab-lab","status":"publish","type":"page","link":"https:\/\/lababertobootcamp.pt\/index.php\/encontro-nacional-fab-lab\/","title":{"rendered":"Encontro Nacional FAB LAB"},"content":{"rendered":"\n<p>No <strong>encontro Nacional de FAB LAB<\/strong>, ir\u00e3o ocorrer quatro palestras, um an\u00fancio e debate:<\/p>\n\n\n\n<p><\/p>\n\n\n\n<ul class=\"wp-block-list\">\n<li>O que aprendemos em 10 anos de FAB LAB?, Joaquim Abreu, Fab Lab Guarda, IPGuarda;<\/li>\n\n\n\n<li>(a anunciar), Pedro Pinto, FAB LAB Portalegre, IPPortalegre<\/li>\n\n\n\n<li>(a confirmar) Raia FAB LAB<\/li>\n\n\n\n<li>(a confirmar) Andr\u00e9 Martins, FAB LAB Lisboa<\/li>\n\n\n\n<li>An\u00fancio da Maker Faire do Porto;<\/li>\n\n\n\n<li>Debate, moderado pelo Andr\u00e9 Martins<\/li>\n<\/ul>\n\n\n\n<p><\/p>\n\n\n\n<p>Almo\u00e7o Piquenique<\/p>\n\n\n\n<p>Jogos tradicionais<\/p>\n\n\n\n<p><\/p>\n\n\n\n<div class=\"wp-block-buttons is-layout-flex wp-block-buttons-is-layout-flex\">\n<div class=\"wp-block-button is-style-outline is-style-outline--1\"><a class=\"wp-block-button__link wp-element-button\" href=\"https:\/\/forms.gle\/TJrKus4siYoZXGKP8\"><mark style=\"background-color:rgba(0, 0, 0, 0)\" class=\"has-inline-color has-luminous-vivid-orange-color\">Regista-te aqui \/ Register here<\/mark><\/a><\/div>\n<\/div>\n","protected":false},"excerpt":{"rendered":"<p>No encontro Nacional de FAB LAB, ir\u00e3o ocorrer quatro palestras, um an\u00fancio e debate: Almo\u00e7o Piquenique Jogos tradicionais<\/p>\n","protected":false},"author":1,"featured_media":0,"parent":0,"menu_order":0,"comment_status":"closed","ping_status":"closed","template":"","meta":{"footnotes":""},"class_list":["post-44","page","type-page","status-publish","hentry","latest_post"],"_links":{"self":[{"href":"https:\/\/lababertobootcamp.pt\/index.php\/wp-json\/wp\/v2\/pages\/44","targetHints":{"allow":["GET"]}}],"collection":[{"href":"https:\/\/lababertobootcamp.pt\/index.php\/wp-json\/wp\/v2\/pages"}],"about":[{"href":"https:\/\/lababertobootcamp.pt\/index.php\/wp-json\/wp\/v2\/types\/page"}],"author":[{"embeddable":true,"href":"https:\/\/lababertobootcamp.pt\/index.php\/wp-json\/wp\/v2\/users\/1"}],"replies":[{"embeddable":true,"href":"https:\/\/lababertobootcamp.pt\/index.php\/wp-json\/wp\/v2\/comments?post=44"}],"version-history":[{"count":6,"href":"https:\/\/lababertobootcamp.pt\/index.php\/wp-json\/wp\/v2\/pages\/44\/revisions"}],"predecessor-version":[{"id":640,"href":"https:\/\/lababertobootcamp.pt\/index.php\/wp-json\/wp\/v2\/pages\/44\/revisions\/640"}],"wp:attachment":[{"href":"https:\/\/lababertobootcamp.pt\/index.php\/wp-json\/wp\/v2\/media?parent=44"}],"curies":[{"name":"wp","href":"https:\/\/api.w.org\/{rel}","templated":true}]}}