{"id":169,"date":"2026-03-29T21:39:28","date_gmt":"2026-03-29T21:39:28","guid":{"rendered":"https:\/\/lababertobootcamp.pt\/?page_id=169"},"modified":"2026-04-08T18:54:10","modified_gmt":"2026-04-08T18:54:10","slug":"palestras-18-de-julho","status":"publish","type":"page","link":"https:\/\/lababertobootcamp.pt\/index.php\/palestras-18-de-julho\/","title":{"rendered":"Palestras 18 de julho"},"content":{"rendered":"\n<h2 class=\"wp-block-heading\">O impacto e a liga\u00e7\u00e3o entre os FabLabs, as incubadoras e as universidades<\/h2>\n\n\n\n<h2 class=\"wp-block-heading\"><em>The impact and connection between FabLabs, incubators, and universities<\/em><\/h2>\n\n\n\n<details class=\"wp-block-details has-x-large-font-size is-layout-flow wp-block-details-is-layout-flow\"><summary>+<\/summary>\n<p class=\"has-medium-font-size\">Nesta apresenta\u00e7\u00e3o, irei abordar o papel dos FabLabs nos ecossistemas de inova\u00e7\u00e3o e a forma como as startups colaboram com os FabLabs, bem como a liga\u00e7\u00e3o entre universidades, incubadoras e laborat\u00f3rios de prototipagem, apresentando exemplos e experi\u00eancias reais do trabalho com startups mais criativas, participativas e preparadas para os desafios do s\u00e9culo XXI.<\/p>\n\n\n\n<p class=\"has-medium-font-size\"><em>In this presentation I will talk about the role of FabLabs in innovation ecosystems and how startups collaborate with FabLabs, but also, the connection between universities, incubators, and prototyping labs and real-life examples and experiences from working with startupsents that are more creative, participatory, and prepared for the challenges of the 21st century.<\/em><\/p>\n<\/details>\n\n\n\n<div class=\"wp-block-group\"><div class=\"wp-block-group__inner-container is-layout-constrained wp-block-group-is-layout-constrained\">\n<div class=\"wp-block-group is-nowrap is-layout-flex wp-container-core-group-is-layout-ad2f72ca wp-block-group-is-layout-flex\">\n<figure class=\"wp-block-gallery has-nested-images columns-default is-cropped wp-block-gallery-1 is-layout-flex wp-block-gallery-is-layout-flex\">\n<figure class=\"wp-block-image size-full\"><img decoding=\"async\" data-id=\"606\" src=\"data:image\/gif;base64,R0lGODlhAQABAAAAACH5BAEKAAEALAAAAAABAAEAAAICTAEAOw==\" data-layzr=\"https:\/\/lababertobootcamp.pt\/wp-content\/uploads\/2026\/04\/GulbaharCoskun.png\" alt=\"\" class=\"wp-image-606\"\/><\/figure>\n\n\n\n<figure class=\"wp-block-image size-full\"><img decoding=\"async\" data-id=\"605\" src=\"data:image\/gif;base64,R0lGODlhAQABAAAAACH5BAEKAAEALAAAAAABAAEAAAICTAEAOw==\" data-layzr=\"https:\/\/lababertobootcamp.pt\/wp-content\/uploads\/2026\/04\/GulbaharBio.png\" alt=\"\" class=\"wp-image-605\"\/><\/figure>\n<\/figure>\n<\/div>\n<\/div><\/div>\n\n\n\n<hr class=\"wp-block-separator has-alpha-channel-opacity\"\/>\n\n\n\n<h2 class=\"wp-block-heading\">Trabalhar num Fablab pode satisfazer necessidades psicol\u00f3gicas b\u00e1sicas?<\/h2>\n\n\n\n<h2 class=\"wp-block-heading\"><em><strong>Can Working in a Fablab Fulfill Basic Psychological Needs?<\/strong><\/em><\/h2>\n\n\n\n<details class=\"wp-block-details has-x-large-font-size is-layout-flow wp-block-details-is-layout-flow\"><summary>+<\/summary>\n<p class=\"has-medium-font-size\">Quando cheguei ao ZAM (um fablab em Erlangen), procurava principalmente um espa\u00e7o de trabalho para concretizar projetos de feltragem em grande escala. No entanto, rapidamente percebi o imenso impacto social e criativo da comunidade do fablab. Acabou por ser um projeto muito mais diversificado do que eu esperava. Na minha perspetiva de terapeuta art\u00edstica, comecei a notar liga\u00e7\u00f5es not\u00e1veis entre o trabalho num fablab e o bem-estar mental e emocional.<\/p>\n\n\n\n<p class=\"has-medium-font-size\"><em>When I first came to ZAM (a fablab in Erlangen), I was mainly looking for a workspace to realize large-scale felting projects. However, I soon gained insight into the immense social and creative impact of the fablab community. It turned out to be a much more diverse project than I had expected. From my perspective as an art therapist, I began to notice remarkable connections between working in a fablab and mental and emotional well-being.ments that are more creative, participatory, and prepared for the challenges of the 21st century.<\/em><\/p>\n<\/details>\n\n\n\n<div class=\"wp-block-group\"><div class=\"wp-block-group__inner-container is-layout-constrained wp-block-group-is-layout-constrained\">\n<div class=\"wp-block-group is-nowrap is-layout-flex wp-container-core-group-is-layout-ad2f72ca wp-block-group-is-layout-flex\">\n<figure class=\"wp-block-gallery has-nested-images columns-default is-cropped wp-block-gallery-2 is-layout-flex wp-block-gallery-is-layout-flex\">\n<figure class=\"wp-block-image size-full\"><img decoding=\"async\" data-id=\"611\" src=\"data:image\/gif;base64,R0lGODlhAQABAAAAACH5BAEKAAEALAAAAAABAAEAAAICTAEAOw==\" data-layzr=\"https:\/\/lababertobootcamp.pt\/wp-content\/uploads\/2026\/04\/Ingrid.png\" alt=\"\" class=\"wp-image-611\"\/><\/figure>\n\n\n\n<figure class=\"wp-block-image size-full\"><img decoding=\"async\" data-id=\"612\" src=\"data:image\/gif;base64,R0lGODlhAQABAAAAACH5BAEKAAEALAAAAAABAAEAAAICTAEAOw==\" data-layzr=\"https:\/\/lababertobootcamp.pt\/wp-content\/uploads\/2026\/04\/bioIngrid.png\" alt=\"\" class=\"wp-image-612\"\/><\/figure>\n<\/figure>\n<\/div>\n<\/div><\/div>\n\n\n\n<p><\/p>\n\n\n\n<div class=\"wp-block-buttons is-layout-flex wp-block-buttons-is-layout-flex\">\n<div class=\"wp-block-button is-style-outline is-style-outline--3\"><a class=\"wp-block-button__link wp-element-button\" href=\"https:\/\/forms.gle\/TJrKus4siYoZXGKP8\"><mark style=\"background-color:rgba(0, 0, 0, 0)\" class=\"has-inline-color has-luminous-vivid-orange-color\">Regista-te aqui \/ Register here<\/mark><\/a><\/div>\n<\/div>\n","protected":false},"excerpt":{"rendered":"<p>O impacto e a liga\u00e7\u00e3o entre os FabLabs, as incubadoras e as universidades The impact and connection between FabLabs, incubators, and universities Trabalhar num Fablab pode satisfazer necessidades psicol\u00f3gicas b\u00e1sicas? Can Working in a Fablab Fulfill Basic Psychological Needs?<\/p>\n","protected":false},"author":1,"featured_media":0,"parent":0,"menu_order":0,"comment_status":"closed","ping_status":"closed","template":"","meta":{"footnotes":""},"class_list":["post-169","page","type-page","status-publish","hentry","latest_post"],"_links":{"self":[{"href":"https:\/\/lababertobootcamp.pt\/index.php\/wp-json\/wp\/v2\/pages\/169","targetHints":{"allow":["GET"]}}],"collection":[{"href":"https:\/\/lababertobootcamp.pt\/index.php\/wp-json\/wp\/v2\/pages"}],"about":[{"href":"https:\/\/lababertobootcamp.pt\/index.php\/wp-json\/wp\/v2\/types\/page"}],"author":[{"embeddable":true,"href":"https:\/\/lababertobootcamp.pt\/index.php\/wp-json\/wp\/v2\/users\/1"}],"replies":[{"embeddable":true,"href":"https:\/\/lababertobootcamp.pt\/index.php\/wp-json\/wp\/v2\/comments?post=169"}],"version-history":[{"count":6,"href":"https:\/\/lababertobootcamp.pt\/index.php\/wp-json\/wp\/v2\/pages\/169\/revisions"}],"predecessor-version":[{"id":659,"href":"https:\/\/lababertobootcamp.pt\/index.php\/wp-json\/wp\/v2\/pages\/169\/revisions\/659"}],"wp:attachment":[{"href":"https:\/\/lababertobootcamp.pt\/index.php\/wp-json\/wp\/v2\/media?parent=169"}],"curies":[{"name":"wp","href":"https:\/\/api.w.org\/{rel}","templated":true}]}}